{"id":3519,"date":"2025-09-19T16:13:32","date_gmt":"2025-09-19T16:13:32","guid":{"rendered":"https:\/\/shadescosmetics.eu\/?post_type=product&#038;p=3519"},"modified":"2025-09-19T16:13:32","modified_gmt":"2025-09-19T16:13:32","slug":"novex-powermax-hair-harmonization-leave-in-300ml","status":"publish","type":"product","link":"https:\/\/shadescosmetics.eu\/nl\/product\/novex-powermax-hair-harmonization-leave-in-300ml\/","title":{"rendered":"Novex PowerMax Hair Harmonization Leave-in 300ml"},"content":{"rendered":"<div class=\"\">\n<div class=\"embellezept-container-1-x-container embellezept-container-1-x-container--pdp-description vtex-container-container vtex-container-container--pdp-description\">\n<div class=\"vtex-store-components-3-x-productDescriptionContainer\">\n<div class=\"vtex-store-components-3-x-productDescriptionText c-muted-1\">\n<div class=\"vtex-store-components-3-x-container relative\">\n<div class=\"vtex-store-components-3-x-content h-auto\"><span dir=\"auto\">Helps repair, hydrate and increase hair resistance. Ideal for porous, dry, brittle and inelastic hair.<\/span><\/div>\n<\/div>\n<\/div>\n<\/div>\n<\/div>\n<\/div>\n<div class=\"\">\n<div class=\"vtex-flex-layout-0-x-flexRow vtex-flex-layout-0-x-flexRow--product-specification-tables\">\n<section class=\"vtex-store-components-3-x-container ph3 ph5-m ph2-xl mw9 center\">\n<div class=\"flex mt0 mb0 pt0 pb0    justify-start vtex-flex-layout-0-x-flexRowContent vtex-flex-layout-0-x-flexRowContent--product-specification-tables items-stretch w-100\">\n<div class=\"pr0 items-stretch vtex-flex-layout-0-x-stretchChildrenWidth   flex\">\n<div class=\"vtex-flex-layout-0-x-flexRow vtex-flex-layout-0-x-flexRow--productSpecificationGroup\">\n<div class=\"flex mt0 mb0 pt0 pb0    justify-start vtex-flex-layout-0-x-flexRowContent vtex-flex-layout-0-x-flexRowContent--productSpecificationGroup items-stretch w-100\">\n<div class=\"pr0 items-stretch vtex-flex-layout-0-x-stretchChildrenWidth   flex\">\n<div class=\"vtex-flex-layout-0-x-flexCol vtex-flex-layout-0-x-flexCol--column-specification  ml0 mr0 pl0 pr0      flex flex-column h-100 w-100\">\n<div class=\"vtex-flex-layout-0-x-flexColChild vtex-flex-layout-0-x-flexColChild--column-specification pb0\">\n<div class=\"vtex-flex-layout-0-x-flexRow vtex-flex-layout-0-x-flexRow--productSpecificationGroupName\">\n<div class=\"flex mt0 mb0 pt0 pb0    justify-start vtex-flex-layout-0-x-flexRowContent vtex-flex-layout-0-x-flexRowContent--productSpecificationGroupName items-stretch w-100\">\n<div class=\"pr0 items-stretch vtex-flex-layout-0-x-stretchChildrenWidth   flex\">\n<div class=\"embellezept-text-translate-0-x-container embellezept-text-translate-0-x-container--product-specification-title flex tl items-start justify-start t-body c-on-base\">\n<div class=\"embellezept-text-translate-0-x-wrapper embellezept-text-translate-0-x-wrapper--product-specification-title\">\n<p class=\"lh-copy embellezept-text-translate-0-x-paragraph embellezept-text-translate-0-x-paragraph--product-specification-title\"><span class=\"vtex-product-specifications-1-x-specificationValue vtex-product-specifications-1-x-specificationValue--first vtex-product-specifications-1-x-specificationValue--last\" data-specification-group=\"Especifica\u00e7\u00f5es\" data-specification-name=\"Modo de Usar\" data-specification-value=\"&lt;b&gt;CABELO LISO: &lt;\/b&gt;Com os cabelos limpos e h\u00famidos, aplique uma pequena quantidade do produto nas pontas e desembarace delicadamente com o aux\u00edlio de um pente. &lt;b&gt;CABELO ENCARACOLADO: &lt;\/b&gt;Com os cabelos limpos e h\u00famidos, aplique pequenas quantidades do produto, uniformemente no comprimento e pontas, madeixa a madeixa. Desembarace com o aux\u00edlio dos dedos ou com um pente de dentes largos. Utilize a sua t\u00e9cnica de finaliza\u00e7\u00e3o preferida\"><strong><span dir=\"auto\">CURLY HAIR:<\/span><\/strong><span dir=\"auto\">With clean, damp hair, apply small amounts of the product, evenly along the lengths and ends, strand by strand. Detangle with your fingers or a wide-toothed comb. Use your preferred finishing technique<\/span><\/span><\/p>\n<\/div>\n<\/div>\n<\/div>\n<\/div>\n<\/div>\n<\/div>\n<\/div>\n<\/div>\n<\/div>\n<\/div>\n<\/div>\n<\/div>\n<\/section>\n<\/div>\n<\/div>","protected":false},"excerpt":{"rendered":"<p>Helps repair, hydrate and increase hair resistance. Ideal for porous, dry, brittle and inelastic hair. CURLY HAIR:With clean, damp hair, apply small amounts of the product, evenly along the lengths and ends, strand by strand. Detangle with your fingers or a wide-toothed comb. Use your preferred finishing technique<\/p>","protected":false},"featured_media":3520,"comment_status":"open","ping_status":"closed","template":"","meta":[],"pwb-brand":[261],"product_brand":[],"product_cat":[32,31,20,36],"product_tag":[],"class_list":{"0":"post-3519","1":"product","2":"type-product","3":"status-publish","4":"has-post-thumbnail","6":"pwb-brand-novex","7":"product_cat-cleansing-conditioner","8":"product_cat-conditioner","9":"product_cat-hair-care","10":"product_cat-leave-in-conditioner","12":"first","13":"instock","14":"sale","15":"shipping-taxable","16":"purchasable","17":"product-type-simple"},"brands":[{"id":261,"name":"Novex","slug":"novex"}],"_links":{"self":[{"href":"https:\/\/shadescosmetics.eu\/nl\/wp-json\/wp\/v2\/product\/3519","targetHints":{"allow":["GET"]}}],"collection":[{"href":"https:\/\/shadescosmetics.eu\/nl\/wp-json\/wp\/v2\/product"}],"about":[{"href":"https:\/\/shadescosmetics.eu\/nl\/wp-json\/wp\/v2\/types\/product"}],"replies":[{"embeddable":true,"href":"https:\/\/shadescosmetics.eu\/nl\/wp-json\/wp\/v2\/comments?post=3519"}],"wp:featuredmedia":[{"embeddable":true,"href":"https:\/\/shadescosmetics.eu\/nl\/wp-json\/wp\/v2\/media\/3520"}],"wp:attachment":[{"href":"https:\/\/shadescosmetics.eu\/nl\/wp-json\/wp\/v2\/media?parent=3519"}],"wp:term":[{"taxonomy":"pwb-brand","embeddable":true,"href":"https:\/\/shadescosmetics.eu\/nl\/wp-json\/wp\/v2\/pwb-brand?post=3519"},{"taxonomy":"product_brand","embeddable":true,"href":"https:\/\/shadescosmetics.eu\/nl\/wp-json\/wp\/v2\/product_brand?post=3519"},{"taxonomy":"product_cat","embeddable":true,"href":"https:\/\/shadescosmetics.eu\/nl\/wp-json\/wp\/v2\/product_cat?post=3519"},{"taxonomy":"product_tag","embeddable":true,"href":"https:\/\/shadescosmetics.eu\/nl\/wp-json\/wp\/v2\/product_tag?post=3519"}],"curies":[{"name":"wp","href":"https:\/\/api.w.org\/{rel}","templated":true}]}}