{"id":4033,"date":"2025-09-27T13:03:59","date_gmt":"2025-09-27T13:03:59","guid":{"rendered":"https:\/\/shadescosmetics.eu\/?post_type=product&#038;p=4033"},"modified":"2025-09-27T13:04:00","modified_gmt":"2025-09-27T13:04:00","slug":"novex-powermax-hair-harmonization-mask-1kg","status":"publish","type":"product","link":"https:\/\/shadescosmetics.eu\/nl\/product\/novex-powermax-hair-harmonization-mask-1kg\/","title":{"rendered":"Novex PowerMax Hair Harmonization Mask 1kg"},"content":{"rendered":"<div class=\"\">\n<div class=\"embellezept-container-1-x-container embellezept-container-1-x-container--pdp-description vtex-container-container vtex-container-container--pdp-description\">\n<div class=\"vtex-store-components-3-x-productDescriptionContainer\">\n<div class=\"vtex-store-components-3-x-productDescriptionText c-muted-1\">\n<div class=\"vtex-store-components-3-x-container relative\">\n<div class=\"vtex-store-components-3-x-content h-auto\"><span dir=\"auto\">Helps repair, hydrate and increase hair resistance. Ideal for porous, dry, brittle and inelastic hair.<\/span><\/div>\n<\/div>\n<\/div>\n<\/div>\n<\/div>\n<\/div>\n<div class=\"\">\n<div class=\"vtex-flex-layout-0-x-flexRow vtex-flex-layout-0-x-flexRow--product-specification-tables\">\n<section class=\"vtex-store-components-3-x-container ph3 ph5-m ph2-xl mw9 center\">\n<div class=\"flex mt0 mb0 pt0 pb0    justify-start vtex-flex-layout-0-x-flexRowContent vtex-flex-layout-0-x-flexRowContent--product-specification-tables items-stretch w-100\">\n<div class=\"pr0 items-stretch vtex-flex-layout-0-x-stretchChildrenWidth   flex\">\n<div class=\"vtex-flex-layout-0-x-flexRow vtex-flex-layout-0-x-flexRow--productSpecificationGroup\">\n<div class=\"flex mt0 mb0 pt0 pb0    justify-start vtex-flex-layout-0-x-flexRowContent vtex-flex-layout-0-x-flexRowContent--productSpecificationGroup items-stretch w-100\">\n<div class=\"pr0 items-stretch vtex-flex-layout-0-x-stretchChildrenWidth   flex\">\n<div class=\"vtex-flex-layout-0-x-flexCol vtex-flex-layout-0-x-flexCol--column-specification  ml0 mr0 pl0 pr0      flex flex-column h-100 w-100\">\n<div class=\"vtex-flex-layout-0-x-flexColChild vtex-flex-layout-0-x-flexColChild--column-specification pb0\">\n<div class=\"vtex-flex-layout-0-x-flexRow vtex-flex-layout-0-x-flexRow--productSpecificationGroupName\">\n<div class=\"flex mt0 mb0 pt0 pb0    justify-start vtex-flex-layout-0-x-flexRowContent vtex-flex-layout-0-x-flexRowContent--productSpecificationGroupName items-stretch w-100\">\n<div class=\"pr0 items-stretch vtex-flex-layout-0-x-stretchChildrenWidth   flex\">\n<div class=\"embellezept-text-translate-0-x-container embellezept-text-translate-0-x-container--product-specification-title flex tl items-start justify-start t-body c-on-base\">\n<div class=\"embellezept-text-translate-0-x-wrapper embellezept-text-translate-0-x-wrapper--product-specification-title\">\n<p class=\"lh-copy embellezept-text-translate-0-x-paragraph embellezept-text-translate-0-x-paragraph--product-specification-title\"><span class=\"vtex-product-specifications-1-x-specificationValue vtex-product-specifications-1-x-specificationValue--first vtex-product-specifications-1-x-specificationValue--last\" data-specification-group=\"Especifica\u00e7\u00f5es\" data-specification-name=\"Modo de Usar\" data-specification-value=\"Lavar o cabelo e retirar o excesso de \u00e1gua. Aplicar a M\u00e1scara massajar suavemente e deixar atuar por 3 minutos. Enxaguar bem e retirar o excesso de \u00e1gua. Finalizar como desejar. Para uma hidrata\u00e7\u00e3o mais intensa, deixe atuar por 10 minutos.\"><span dir=\"auto\">Wash your hair and remove excess water. Apply the Mask, massage gently and leave to act for 3 minutes. Rinse well and remove excess water. Finish as desired. For more intense hydration, leave it on for 10 minutes.<\/span><\/span><\/p>\n<\/div>\n<\/div>\n<\/div>\n<\/div>\n<\/div>\n<\/div>\n<div class=\"vtex-flex-layout-0-x-flexColChild vtex-flex-layout-0-x-flexColChild--column-specification pb0\">\n<div class=\"vtex-flex-layout-0-x-flexRow vtex-flex-layout-0-x-flexRow--productSpecification\">\n<div class=\"flex mt0 mb0 pt0 pb0    justify-start vtex-flex-layout-0-x-flexRowContent vtex-flex-layout-0-x-flexRowContent--productSpecification items-stretch w-100\">\n<div class=\"pr0 items-stretch vtex-flex-layout-0-x-stretchChildrenWidth   flex\">\n<div class=\"vtex-flex-layout-0-x-flexCol vtex-flex-layout-0-x-flexCol--productSpecificationValue  ml0 mr0 pl0 pr0      flex flex-column h-100 w-100\">\n<div class=\"vtex-flex-layout-0-x-flexColChild vtex-flex-layout-0-x-flexColChild--productSpecificationValue pb0\"><span class=\"vtex-product-specifications-1-x-specificationValue vtex-product-specifications-1-x-specificationValue--first vtex-product-specifications-1-x-specificationValue--last\" data-specification-group=\"Especifica\u00e7\u00f5es\" data-specification-name=\"Ingredientes\" data-specification-value=\"AQUA, CETEARYL ALCOHOL, BUTYROSPERMUM PARKII BUTTER, GLYCINE SOJA OIL, ZEA MAYS STARCH, GLYCERIN, CETRIMONIUM CHLORIDE, BENZYL ALCOHOL, PARFUM, ALCOHOL, DISODIUM EDTA, HYDROXYETHYL UREA, BENZOIC ACID, BHT, CETEARETH-60 MYRISTYL GLYCOL, HYDROLYZED RICE BRAN PROTEIN, SORBIC ACID, HYDROLYZED SOY PROTEIN, KAPPAPHYCUS ALVAREZII EXTRACT, LAMINARIA SACCHARINA EXTRACT, TOCOPHERYL ACETATE, LACTIC ACID, GLYCINE, PHENOXYETHANOL, DIPROPYLENE GLYCOL, ETHYLHEXYLGLYCERIN, SODIUM HYALURONATE, CAPRYLYL GLYCOL, HYALURONIC ACID, POTASSIUM SORBATE, SODIUM BENZOATE. AFE\/PROC.: 2.02.100-5\"><span dir=\"auto\">AQUA, CETEARYL ALCOHOL, BUTYROSPERMUM PARKII BUTTER, GLYCINE SOY OIL, ZEA MAYS STARCH, GLYCERIN, CETRIMONIUM CHLORIDE, BENZYL ALCOHOL, PERFUME, ALCOHOL, DISODIUM EDTA, HYDROXYETHYL UREA, BENZOIC ACID, BHT, CETEARETH-60 MYRISTYL GLYCOL, HYDROLYZED RICE BRAN PROTEIN, SORBIC ACID, HYDROLYZED SOY PROTEIN, KAPPAPHYCUS ALVAREZII EXTRACT, LAMINARIA SACCHARINA EXTRACT, TOCOPHERYL ACETATE, LACTIC ACID, GLYCIN, PHENOXYETHANOL, DIPROPYLENE GLYCOL, ETHYLHEXYLGLYCERIN, SODIUM HYALURONATE, CAPRYLYL GLYCOL, H YALURONIC ACID, POTASSIUM SORBATE, SODIUM BENZOATE. AFE\/PROC.: 2.02.100-5<\/span><\/span><\/div>\n<\/div>\n<\/div>\n<\/div>\n<\/div>\n<\/div>\n<\/div>\n<\/div>\n<\/div>\n<\/div>\n<\/div>\n<\/div>\n<\/section>\n<\/div>\n<\/div>","protected":false},"excerpt":{"rendered":"<p>Helps repair, hydrate and increase hair resistance. Ideal for porous, dry, brittle and inelastic hair. Wash your hair and remove excess water. Apply the Mask, massage gently and leave to act for 3 minutes. Rinse well and remove excess water. Finish as desired. For more intense hydration, leave it on for 10 minutes. AQUA, CETEARYL [&hellip;]<\/p>\n","protected":false},"featured_media":4034,"comment_status":"open","ping_status":"closed","template":"","meta":[],"pwb-brand":[261],"product_brand":[],"product_cat":[31,20,49,38],"product_tag":[],"class_list":{"0":"post-4033","1":"product","2":"type-product","3":"status-publish","4":"has-post-thumbnail","6":"pwb-brand-novex","7":"product_cat-conditioner","8":"product_cat-hair-care","9":"product_cat-hair-mask","10":"product_cat-hair-treatment","12":"first","13":"instock","14":"sale","15":"shipping-taxable","16":"purchasable","17":"product-type-simple"},"brands":[{"id":261,"name":"Novex","slug":"novex"}],"_links":{"self":[{"href":"https:\/\/shadescosmetics.eu\/nl\/wp-json\/wp\/v2\/product\/4033","targetHints":{"allow":["GET"]}}],"collection":[{"href":"https:\/\/shadescosmetics.eu\/nl\/wp-json\/wp\/v2\/product"}],"about":[{"href":"https:\/\/shadescosmetics.eu\/nl\/wp-json\/wp\/v2\/types\/product"}],"replies":[{"embeddable":true,"href":"https:\/\/shadescosmetics.eu\/nl\/wp-json\/wp\/v2\/comments?post=4033"}],"wp:featuredmedia":[{"embeddable":true,"href":"https:\/\/shadescosmetics.eu\/nl\/wp-json\/wp\/v2\/media\/4034"}],"wp:attachment":[{"href":"https:\/\/shadescosmetics.eu\/nl\/wp-json\/wp\/v2\/media?parent=4033"}],"wp:term":[{"taxonomy":"pwb-brand","embeddable":true,"href":"https:\/\/shadescosmetics.eu\/nl\/wp-json\/wp\/v2\/pwb-brand?post=4033"},{"taxonomy":"product_brand","embeddable":true,"href":"https:\/\/shadescosmetics.eu\/nl\/wp-json\/wp\/v2\/product_brand?post=4033"},{"taxonomy":"product_cat","embeddable":true,"href":"https:\/\/shadescosmetics.eu\/nl\/wp-json\/wp\/v2\/product_cat?post=4033"},{"taxonomy":"product_tag","embeddable":true,"href":"https:\/\/shadescosmetics.eu\/nl\/wp-json\/wp\/v2\/product_tag?post=4033"}],"curies":[{"name":"wp","href":"https:\/\/api.w.org\/{rel}","templated":true}]}}